{"id":841,"date":"2022-08-29T15:46:54","date_gmt":"2022-08-29T15:46:54","guid":{"rendered":"https:\/\/www.chocolateskron.com\/?page_id=841"},"modified":"2022-09-01T18:16:36","modified_gmt":"2022-09-01T18:16:36","slug":"gotas-de-cobertura","status":"publish","type":"page","link":"https:\/\/www.chocolateskron.com\/index.php\/gotas-de-cobertura\/","title":{"rendered":"Gotas de cobertura"},"content":{"rendered":"\n<div class=\"wp-container-3 wp-block-group\"><div class=\"wp-block-group__inner-container\">\n<div class=\"wp-container-2 wp-block-columns\">\n<div class=\"wp-container-1 wp-block-column\" style=\"flex-basis:100%\">\n<figure class=\"wp-block-image size-large is-resized\"><img loading=\"lazy\" src=\"https:\/\/www.chocolateskron.com\/wp-content\/uploads\/2022\/08\/Packshot-de-Gotas-de-Cobretura-2-1024x1024.png\" alt=\"\" class=\"wp-image-889\" width=\"512\" height=\"512\"\/><figcaption>Gotas de cobertura<\/figcaption><\/figure>\n<\/div>\n<\/div>\n<\/div><\/div>\n\n\n\n<p>Nuevas gotas de cobertura sabor a Chocolate con Leche, Chocolate Oscuro y Chocolate blanco.<\/p>\n\n\n\n<p>Nuestras gotas son perfectas para ser utilizadas de forma directa, como decoraci\u00f3n o para incorporarlas en la masa de un producto. Igualmente pueden fundirse para otras aplicaciones como ba\u00f1os y cubiertas, moldeado y preparaci\u00f3n de recetas.<\/p>\n\n\n\n<p><\/p>\n\n\n\n<p><\/p>\n","protected":false},"excerpt":{"rendered":"<p>Nuevas gotas de cobertura sabor a Chocolate con Leche, Chocolate Oscuro y Chocolate blanco. Nuestras gotas son perfectas para ser utilizadas de forma directa, como decoraci\u00f3n o para incorporarlas en la masa de un producto. Igualmente pueden fundirse para otras aplicaciones como ba\u00f1os y cubiertas, moldeado y preparaci\u00f3n de recetas.<\/p>\n","protected":false},"author":1,"featured_media":0,"parent":0,"menu_order":1,"comment_status":"closed","ping_status":"closed","template":"","meta":[],"jetpack_sharing_enabled":true,"jetpack_shortlink":"https:\/\/wp.me\/P8bWC3-dz","_links":{"self":[{"href":"https:\/\/www.chocolateskron.com\/index.php\/wp-json\/wp\/v2\/pages\/841"}],"collection":[{"href":"https:\/\/www.chocolateskron.com\/index.php\/wp-json\/wp\/v2\/pages"}],"about":[{"href":"https:\/\/www.chocolateskron.com\/index.php\/wp-json\/wp\/v2\/types\/page"}],"author":[{"embeddable":true,"href":"https:\/\/www.chocolateskron.com\/index.php\/wp-json\/wp\/v2\/users\/1"}],"replies":[{"embeddable":true,"href":"https:\/\/www.chocolateskron.com\/index.php\/wp-json\/wp\/v2\/comments?post=841"}],"version-history":[{"count":6,"href":"https:\/\/www.chocolateskron.com\/index.php\/wp-json\/wp\/v2\/pages\/841\/revisions"}],"predecessor-version":[{"id":913,"href":"https:\/\/www.chocolateskron.com\/index.php\/wp-json\/wp\/v2\/pages\/841\/revisions\/913"}],"wp:attachment":[{"href":"https:\/\/www.chocolateskron.com\/index.php\/wp-json\/wp\/v2\/media?parent=841"}],"curies":[{"name":"wp","href":"https:\/\/api.w.org\/{rel}","templated":true}]}}