{"id":29,"date":"2016-08-09T20:50:36","date_gmt":"2016-08-09T20:50:36","guid":{"rendered":"https:\/\/www.chocolateskron.com\/?page_id=29"},"modified":"2024-03-15T18:47:15","modified_gmt":"2024-03-15T18:47:15","slug":"la-empresa","status":"publish","type":"page","link":"https:\/\/www.chocolateskron.com\/index.php\/la-empresa\/","title":{"rendered":"La Empresa"},"content":{"rendered":"\t\t<div data-elementor-type=\"wp-page\" data-elementor-id=\"29\" class=\"elementor elementor-29\">\n\t\t\t\t\t\t\t\t\t<section class=\"elementor-section elementor-top-section elementor-element elementor-element-42ce7248 elementor-section-boxed elementor-section-height-default elementor-section-height-default\" data-id=\"42ce7248\" data-element_type=\"section\">\n\t\t\t\t\t\t<div class=\"elementor-container elementor-column-gap-default\">\n\t\t\t\t\t<div class=\"elementor-column elementor-col-100 elementor-top-column elementor-element elementor-element-3e25e42d\" data-id=\"3e25e42d\" data-element_type=\"column\">\n\t\t\t<div class=\"elementor-widget-wrap elementor-element-populated\">\n\t\t\t\t\t\t\t\t<div class=\"elementor-element elementor-element-399e069f elementor-widget elementor-widget-text-editor\" data-id=\"399e069f\" data-element_type=\"widget\" data-widget_type=\"text-editor.default\">\n\t\t\t\t<div class=\"elementor-widget-container\">\n\t\t\t<style>\/*! elementor - v3.7.7 - 20-09-2022 *\/\n.elementor-widget-text-editor.elementor-drop-cap-view-stacked .elementor-drop-cap{background-color:#818a91;color:#fff}.elementor-widget-text-editor.elementor-drop-cap-view-framed .elementor-drop-cap{color:#818a91;border:3px solid;background-color:transparent}.elementor-widget-text-editor:not(.elementor-drop-cap-view-default) .elementor-drop-cap{margin-top:8px}.elementor-widget-text-editor:not(.elementor-drop-cap-view-default) .elementor-drop-cap-letter{width:1em;height:1em}.elementor-widget-text-editor .elementor-drop-cap{float:left;text-align:center;line-height:1;font-size:50px}.elementor-widget-text-editor .elementor-drop-cap-letter{display:inline-block}<\/style>\t\t\t\t<p>Somos una empresa Venezolana dedicada a la fabricaci\u00f3n&nbsp;y comercializaci\u00f3n de productos de chocolate y derivados del cacao.&nbsp;Trabajamos&nbsp;con materias primas de la mas alta calidad, empleando cacao Venezolano, maravilloso y unico,&nbsp;muy&nbsp;reconocido&nbsp;a nivel mundial, bajo los mas&nbsp;altos est\u00e1ndares&nbsp;y las mas exquisitas f\u00f3rmulas para as\u00ed lograr los mas delicados y finos chocolates para complacer a los mas exclusivos y exigentes paladares.<\/p>\n<p>Ofrecemos una amplia variedad de productos que van desde los mas artesanales, productos de consumo masivo y industrial. Independientemente que estos sean para el consumo propio, compartir con amigos, o para un regalo, todos nuestros productos son creados para lograr la perfecta combinaci\u00f3n de chocolate y presentaci\u00f3n, haci\u00e9ndolos ideales para todos los amantes del chocolate.<\/p>\n<p><img src=\"https:\/\/www.chocolateskron.com\/wp-content\/uploads\/2016\/08\/IMG_1869.jpg\" alt=\"IMG_1869\"><\/p>\n<p>Nuestra trayectoria en el mercado Venezolano remonta al a\u00f1o 1985. A trav\u00e9s de todos estos a\u00f1os hemos desarrollado diferentes divisiones de negocio para atender los requerimientos de los consumidores, clientes y las exigencias del mercado:<\/p>\n<ul>\n<li><strong>Productos para Reposter\u00eda:&nbsp;<\/strong><span style=\"font-size: revert;\">Variedad de productos de alta calidad y excelente rendiento para atender al sector repostero, con presentaciones adaptadas a las necesidades del mercado (Barras, Gotas, Grageados, Untables de Chocolate entre otros).<\/span><\/li>\n<li><strong>L\u00ednea de Productos de Consumo Masivo:<\/strong>&nbsp;Productos&nbsp;exitosos&nbsp;com<wbr>ercializados a nivel nacional y internacional en las mas importantes cadenas y mayoristas.<\/li>\n<li><strong>Productos para uso industrial:<\/strong>&nbsp;Realizamos desarrollos espec\u00edficos que se adaptan a las necesidades de nuestros clientes Industriales, entre los cuales est\u00e1n la Industria Galletera, Panadera y Heladera entre otros.<\/li>\n<li><b>Maquila:<\/b>&nbsp;Proveemos servicios de Maquila para otros participantes y fabricantes de la industria.<\/li>\n<li><strong>Eventos y productos especiales:<\/strong>&nbsp;Suplimos a todo tipo de organizaciones\/eventos que utilizan chocolate (Bombones, Logos, Regalos Corporativos, Fiestas, Catas).<\/li>\n<li><strong>Tiendas Exclusivas Chocolates Kron :<\/strong>&nbsp;Tiendas estilo bomboner\u00edas donde los consumidores pueden disfrutar directamente de nuestra completa gama de productos.<\/li>\n<\/ul>\n<h2>Nuestros Valores:<\/h2>\n<ul>\n<li><strong>Calidad:<\/strong>&nbsp;Satisfacer las necesidades de nuestros clientes y consumidores elaborando productos de la m\u00e1s alta calidad.<\/li>\n<li><strong>Mejora Continua:<\/strong>&nbsp;Realizar esfuerzos constantes para continuar innovando y mejorando, con constancia y dedicaci\u00f3n.<\/li>\n<li><strong>Desarrollo Humano:<\/strong>&nbsp;Formaci\u00f3n integral para nuestro bien mas valioso, nuestra gente, continuamente desarrollando un entorno de trabajo interesante y retador.<\/li>\n<li><strong>Integridad:<\/strong>&nbsp;Inspirar confianza a trav\u00e9s de la responsabilidad, la actuaci\u00f3n \u00e9tica y el fomento del debate sincero y abierto.<\/li>\n<\/ul>\n<h2>Nuestra Visi\u00f3n:<\/h2>\n<div>Estar entre las primeras tres compa\u00f1\u00edas fabricantes de chocolates y derivados del cacao a nivel nacional, ampliando horizontes a trav\u00e9s de la exportaci\u00f3n al \u00e1rea Andina e Islas del Caribe.<\/div>\n<div>&nbsp;<\/div>\n<div>Ampliar nuestra gama de productos mediante el lanzamiento de nuevas l\u00edneas, desarrollando nuestra planta con m\u00e1s y mejor maquinaria e infraestructura, as\u00ed como la expansi\u00f3n horizontal mediante alianzas y\/o adquisiciones de compa\u00f1\u00edas. Siempre buscando captar, desarrollar y capacitar a nuestro personal como aliados afines a nuestra filosof\u00eda y concepci\u00f3n de compa\u00f1\u00eda.<\/div>\n<h2>Nuestra Misi\u00f3n:<\/h2>\n<p>Somos una organizaci\u00f3n dedicada a la elaboraci\u00f3n de chocolates y derivados del cacao de alta calidad, para satisfacci\u00f3n de los clientes&nbsp;y consumidores, a trav\u00e9s del esfuerzo y la dedicaci\u00f3n de su talento humano.<\/p>\n<h2>Pol\u00edtica de Calidad:<\/h2>\n<p>Empresa dedicada a la elaboraci\u00f3n de chocolates y otros derivados del cacao de alta calidad, orientada a aumentar la satisfacci\u00f3n de nuestros clientes y consumidores, con el compromiso de cumplir los requisitos aplicables y de mejorar continuamente la eficacia de nuestra gesti\u00f3n, con criterios de excelencia mediante la participaci\u00f3n de personal calificado y el trabajo en equipo.<\/p>\n<p><\/p>\t\t\t\t\t\t<\/div>\n\t\t\t\t<\/div>\n\t\t\t\t\t<\/div>\n\t\t<\/div>\n\t\t\t\t\t\t\t<\/div>\n\t\t<\/section>\n\t\t\t\t\t\t\t<\/div>\n\t\t","protected":false},"excerpt":{"rendered":"<p>Somos una empresa Venezolana dedicada a la fabricaci\u00f3n&nbsp;y comercializaci\u00f3n de productos de chocolate y derivados del cacao.&nbsp;Trabajamos&nbsp;con materias primas de la mas alta calidad, empleando cacao Venezolano, maravilloso y unico,&nbsp;muy&nbsp;reconocido&nbsp;a nivel mundial, bajo los mas&nbsp;altos est\u00e1ndares&nbsp;y las mas exquisitas f\u00f3rmulas para as\u00ed lograr los mas delicados y finos chocolates para complacer a los mas exclusivos<a href=\"https:\/\/www.chocolateskron.com\/index.php\/la-empresa\/\">[&#8230;]<\/a><\/p>\n","protected":false},"author":1,"featured_media":804,"parent":0,"menu_order":0,"comment_status":"closed","ping_status":"closed","template":"template-fullwidth.php","meta":[],"jetpack_sharing_enabled":true,"jetpack_shortlink":"https:\/\/wp.me\/P8bWC3-t","_links":{"self":[{"href":"https:\/\/www.chocolateskron.com\/index.php\/wp-json\/wp\/v2\/pages\/29"}],"collection":[{"href":"https:\/\/www.chocolateskron.com\/index.php\/wp-json\/wp\/v2\/pages"}],"about":[{"href":"https:\/\/www.chocolateskron.com\/index.php\/wp-json\/wp\/v2\/types\/page"}],"author":[{"embeddable":true,"href":"https:\/\/www.chocolateskron.com\/index.php\/wp-json\/wp\/v2\/users\/1"}],"replies":[{"embeddable":true,"href":"https:\/\/www.chocolateskron.com\/index.php\/wp-json\/wp\/v2\/comments?post=29"}],"version-history":[{"count":30,"href":"https:\/\/www.chocolateskron.com\/index.php\/wp-json\/wp\/v2\/pages\/29\/revisions"}],"predecessor-version":[{"id":2011,"href":"https:\/\/www.chocolateskron.com\/index.php\/wp-json\/wp\/v2\/pages\/29\/revisions\/2011"}],"wp:featuredmedia":[{"embeddable":true,"href":"https:\/\/www.chocolateskron.com\/index.php\/wp-json\/wp\/v2\/media\/804"}],"wp:attachment":[{"href":"https:\/\/www.chocolateskron.com\/index.php\/wp-json\/wp\/v2\/media?parent=29"}],"curies":[{"name":"wp","href":"https:\/\/api.w.org\/{rel}","templated":true}]}}